{"id":55,"date":"2018-11-20T10:57:02","date_gmt":"2018-11-20T10:57:02","guid":{"rendered":"http:\/\/www.coptic-magic.phil.uni-wuerzburg.de\/wordpress\/?page_id=55"},"modified":"2025-10-08T14:45:58","modified_gmt":"2025-10-08T12:45:58","slug":"online-resources","status":"publish","type":"page","link":"https:\/\/www.coptic-magic.phil.uni-wuerzburg.de\/index.php\/online-resources\/","title":{"rendered":"Online Resources"},"content":{"rendered":"<p><em>This is an incomplete list of online resources related to topics relevant to our project &#8211; the Coptic language, ancient magic, and papyrology. If you know of another relevant project or site not included here, please <a href=\"http:\/\/www.coptic-magic.phil.uni-wuerzburg.de\/index.php\/contact-us\/\">contact us<\/a>.<\/em><\/p>\n<ul>\n<li><a href=\"#coptic\">The Coptic Language<\/a><\/li>\n<li><a href=\"#magic\">Magic in History<\/a><\/li>\n<li><a href=\"#papyrology\">Papyrology and Epigraphy<\/a><\/li>\n<\/ul>\n<h2><a name=\"coptic\"><\/a>The Coptic Language<\/h2>\n<p><a href=\"https:\/\/alinsuciu.com\">Alin Suciu &#8211; Patristics, Apocrypha, Coptic Literature and Manuscripts<\/a><br \/><em>Homepage of the Copticist Alin Suciu, a very rich resource for Coptic studies.<\/em><\/p>\n<p><a href=\"https:\/\/www.evertype.com\/fonts\/coptic\/\">Antinoou: A Standard Font for Coptic<\/a><br \/><em>Instructions and links for installing the Coptic Unicode font Antinoou and its associated keyboard layout<\/em><\/p>\n<p><a href=\"https:\/\/dev.ulb.ac.be\/philo\/bad\/copte\/baseuk.php?page=accueiluk.php\">Brussels Coptic Database<\/a><br \/><em>Database of Coptic documentary texts managed by the Universit\u00e9 Libre de Bruxelles.<\/em><\/p>\n<p><a href=\"http:\/\/ccdl.libraries.claremont.edu\/cdm\/landingpage\/collection\/cce\">Claremont Coptic Encyclopedia<\/a><br \/><em>Online version of the encyclopedia, containing extensive discussions of all aspects of Coptic language, history and culture.<\/em><\/p>\n<p><a href=\"https:\/\/corpling.uis.georgetown.edu\/coptic-dictionary\/about.cgi\">Coptic Dictionary Online<\/a><br \/><em>Online and fully searchable Coptic dictionary.<\/em><\/p>\n<p><a href=\"http:\/\/copticscriptorium.org\">Coptic Scriptorium<\/a><br \/><em>Extensive project focused on digitising, analysing and translating Coptic literary texts.<\/em><\/p>\n<p><a href=\"https:\/\/copticsounds.wordpress.com\">Coptic Sounds<\/a><br \/><em>Website containing information on and resources about the phonology of the Coptic language.<\/em><\/p>\n<p><a href=\"http:\/\/www.crosswire.org\/study\/fulllibrary.jsp?show=SahidicBible\">Crosswire Project Sahidic Bible (Askeland-Schulz)<\/a><br \/><em>An online and searchable version of the Sahidic Bible, containing most of the Old and all of the New Testament books.<\/em><\/p>\n<p><a href=\"http:\/\/www.tyndalearchive.com\/TABS\/Crum\/index.htm\">Crum&#8217;s <em>A<\/em>\u00a0<em>Coptic Dictionary<\/em> Online<\/a><br \/><em>The most complete existing dictionary of the Coptic language in an online form.<\/em><\/p>\n<p><a href=\"https:\/\/www.geschkult.fu-berlin.de\/en\/e\/ddglc\">Database and Dictionary of Greek Loanwords in Coptic<\/a><br \/><em>Ongoing project to create a database of Greek and Arabic loanwords in Coptic.<\/em><\/p>\n<p><a href=\"http:\/\/coptot.manuscriptroom.com\">Digital Edition of the Coptic Old Testament<\/a><br \/><em>Ongoing project working on the creation of the first complete critical edition of the Coptic Old Testament.<\/em><\/p>\n<p><a href=\"http:\/\/www.cmcl.it\/~iacs\/\">International Association for Coptic Studies\/<\/a><br \/><a href=\"http:\/\/www.cmcl.it\/~iacs\/\">Association Internationale d&#8217;\u00c9tudes Coptes (IACS)<\/a><br \/><em>The major research association for Coptic Studies, which keeps a list of members and organises a conference every 4 years.<\/em><\/p>\n<p><a href=\"https:\/\/www.koptolys.gwi.uni-muenchen.de\/intro.php\">Koptoo (Koptische Ostraka Online)<\/a><br \/>Database of Coptic Ostraca from the Theban Region maintained by the Ludwig-Maximilian University Munich.<\/p>\n<p><a href=\"http:\/\/marcion.sourceforge.net\">Marcion<\/a><br \/><em>A Study Environment for Coptic, Greek, Latin and Hebrew, useful for its digitised version of Crum&#8217;s Coptic Dictionary and several texts, including the Nag Hammadi library.<\/em><\/p>\n<p><a href=\"https:\/\/atlas.paths-erc.eu\">PaThs Project<\/a><br \/><em>Ongoing project developing a database of Coptic literary texts, classed by geographical origin, work, author, title, and collection.<\/em><\/p>\n<p><a href=\"http:\/\/csla.history.ox.ac.uk\">The Cult of the Saints in Late Antiquity<\/a><br \/><em>Online database of evidence for the cult of the saints in the Christian world up to ca. 700 CE, including extensive material from Egypt.<\/em><\/p>\n<h2><a name=\"magic\"><\/a>Magic in History<\/h2>\n<p><a href=\"http:\/\/antik.szepmuveszeti.hu\/talismans\/\">The Campbell Bonner Magical Gems Database<\/a><br \/><em>Database of magical gems.<\/em><\/p>\n<p><a href=\"http:\/\/www.cenob.org\">Corpus des \u00e9nonc\u00e9s des noms barbares (CENOB)<\/a><br \/><em>Database of voces magicae\u00a0<\/em>(&#8220;<em>magical names&#8221;) from ancient magical and religious texts.<\/em><\/p>\n<p><a href=\"http:\/\/curses.csad.ox.ac.uk\">Curse Tablets of Roman Britain<\/a><br \/><em>Catalogue with descriptions of curse tablets from Roman Britain, run by the Society for the Promotion of Roman Studies.<\/em><\/p>\n<p><a href=\"http:\/\/dge.cchs.csic.es\/lmpg\/\">L\u00e9xico de magia y religi\u00f3n en los papiros m\u00e1gicos griegos<\/a><br \/>Online Spanish-language dictionary of terminology from the Greek Magical Papyri, created by Luis Mu\u00f1oz Delgado in 2001 as Annex V of the <em>Diccionario Griego-Espa\u00f1ol<\/em>.<\/p>\n<p><a href=\"http:\/\/www.demonthings.com\">Demon Things<\/a><br \/><em>Database of ancient Egyptian demons created as part of the Ancient Egyptian Demonology Project.<\/em><\/p>\n<p><a href=\"https:\/\/pric.unive.it\/projects\/ejcm\/home\">Early Jewish and Christian Magical Traditions (EJCM)<\/a><br \/><em>Ongoing project studying the interaction between early Jewish and Christian magical traditions, based at the Ca&#8217;Foscari University of Venice.<\/em><\/p>\n<p><a href=\"https:\/\/www.hethport.uni-wuerzburg.de\/HPM\/index.php\">Hethitologie Portal Mainz<\/a><br \/><em>Portan for Hittite cuneiform texts based at the University of W\u00fcrzburg, containing nearly all of the Hittite &#8220;incantation rituals&#8221; (&#8220;<\/em><em><a href=\"https:\/\/www.hethport.uni-wuerzburg.de\/txhet_besrit\/textindex.php?g=besrit&amp;x=x\" target=\"_blank\" rel=\"noopener\">Beschw\u00f6rungsrituale<\/a>&#8220;) among their online corpora.<\/em><\/p>\n<p><a href=\"http:\/\/iospe.kcl.ac.uk\/index.html\">IOSPE: Ancient Inscriptions of the Northern Black Sea<\/a><br \/><em>Greek inscriptions from colonies on the northern Black Sea; will soon contain curse tablets from these sites.<\/em><\/p>\n<p><a href=\"https:\/\/isicily.org\">I.Sicily<\/a><br \/><em>A corpus of inscriptions from Sicily, which will eventually contain all the curse tablets known from this region.<\/em><\/p>\n<p><a href=\"https:\/\/www.phil.uni-wuerzburg.de\/en\/mageia\/\">MagEIA: Magic between Entanglement, Interaction, and Analogy<\/a><br \/><em>Project based at the University of W\u00fcrzburg dedicated to the interdisciplinary and comparative study of magical traditions in West Asia and the Eastern Mediterranean in Antiquity.\u00a0<\/em><\/p>\n<p><a href=\"http:\/\/web.philo.ulg.ac.be\/cedopal\/medicine-in-graeco-roman-egypt\/?fbclid=IwAR2V_Vq0pjdLHInNvVpUWeTWi3MJpABu3iqpOY-rGR7f2pO4HYPhX_x4KyM\">Medicine in Graeco-Roman Egypt<\/a><br \/><em>Cedopal project looking at medicine in Ptolemaic and Roman Egypt, including iatromagical papyri (magical texts used for healing).<\/em><\/p>\n<p><a href=\"https:\/\/djinns.hypotheses.org\">Monde des Djinns<\/a><br \/><em>Regularly updated blog of Jean-Charles Coulon providing information on the study of magic in the Middle Ages, in particular in the Islamic World.<\/em><\/p>\n<p><a href=\"https:\/\/ancientesotericism.com\">Network for the Study of Esotericism in Antiquity (NSEA)<\/a><br \/><em>A thematic group associated with the European Society for the Study of Western Esotericism (ESSWE),\u00a0providing resources and information for students and specialists of ancient esoteric thought, history, and literature.<\/em><\/p>\n<p><a href=\"https:\/\/phoinixplatform.org\">Phoinix<\/a><\/p>\n<p><em>A successor project of the Campbell Bonner Magical Gems Database, providing a database of magical gems.<\/em><\/p>\n<p><a href=\"http:\/\/sae.saw-leipzig.de\/startseite\/\">Science in Ancient Egypt<\/a><br \/><em>Project on scientific texts from Ancient Egypt, including magical and medical texts, maintained by the S\u00e4chsiche Akademie der Wissenschaften zu Leipzig.<\/em><\/p>\n<p><a href=\"https:\/\/societasmagica.org\">Societas Magicas<\/a><br \/><em>Organisation dedicated to furthering communication and exchange among scholars interested in the study of magic.<\/em><\/p>\n<p><a href=\"http:\/\/tabellaproject.e-monsite.com\">Tabella Defixionis Project<\/a><br \/><em>Project presenting curse tablets from the Graeco-Roman world, including a database of texts.<\/em><\/p>\n<p><a href=\"https:\/\/heurist.fdm.uni-hamburg.de\/html\/heurist\/?db=The_dema&amp;website&amp;id=41774\">Thesaurus Defixionum (formerly TheDeMa)<\/a><br \/><em>Online database of all published curse tablets, with more than 17,000 entries.<\/em><\/p>\n<p><a href=\"https:\/\/www.trismegistos.org\/magic\/\">Trismegistos Magic (TM Magic)<\/a><br \/><em>Database of magical and ritual manuscripts, primarily from Egypt.<\/em><\/p>\n<p><a href=\"http:\/\/to-zodion.net\">To Zodion<\/a><br \/><em>Database of magical images from the Greek and Demotic magical papyri.<\/em><\/p>\n<p><a href=\"https:\/\/voices.uchicago.edu\/magicalpapyri\/\">Transmission of Magical Knowledge: The Papyrus Magical Handbooks in Context<\/a><br \/><em>Project working on re-editions of Greek, Demotic and Coptic papyri based at the University of Chicago.<\/em><\/p>\n<p><a href=\"http:\/\/humanities-research.exeter.ac.uk\/vmba\/\">Virtual Magic Bowl Archive (VMBA)<\/a><br \/><em>Portal containing a photographic archive of Aramaic incantation bowls from the Sch\u00f8yen Collection.<\/em><\/p>\n<h2><a name=\"papyrology\"><\/a>Papyrology and Epigraphy<\/h2>\n<p><a href=\"http:\/\/www.apd.gwi.uni-muenchen.de:8080\/apd\/project.jsp\">The Arabic Papyrology Database<\/a><br \/><em>Database of Arabic papyrological documents from the 7th through 16th centuries CE, with translations in several languages.<\/em><\/p>\n<p><a href=\"http:\/\/www.aere-egke.be\/BP\/\">Bibliographie Papyrologique en ligne<\/a><br \/><em>Extensive bibliography containing information on monographs and articles relating to papyri and papyrology.<\/em><\/p>\n<p><a href=\"https:\/\/library.duke.edu\/rubenstein\/scriptorium\/papyrus\/texts\/clist.html\">Checklist of Editions of Greek, Latin, Demotic and Coptic Papyri, Ostraca and Tablets<\/a><br \/><em>Bibliography of monographic volumes of documentary papyrological material listed with their standard abbreviations.<br \/><\/em><a href=\"https:\/\/www.college-de-france.fr\/media\/culture-ecrite-antiquite-papyrologie-byzantine\/UPL1136838564638901641_Checklist_avec_url_des_pdf__9XII17_.pdf\">List of\u00a0 editions of texts from the checklist available online<\/a><\/p>\n<p><a href=\"https:\/\/arachne.uni-koeln.de\/drupal\/?q=en\/node\/291\">Corpus Inscriptionum Latinarum (CIL) Open Access<\/a><br \/><em>A digitised corpus of Latin inscriptions from all corners of the Roman Empire.<\/em><\/p>\n<p><a href=\"http:\/\/www.dbmnt.uw.edu.pl\/database.htm\">Database of Medieval Nubian Texts<\/a><br \/><em>Database of texts from Nubia dating from between the 6th and 15th centuries CE; many have transcriptions and translations.<\/em><\/p>\n<p><a href=\"https:\/\/4care-skos.mf.no\" target=\"_blank\" rel=\"noopener\">DEChriM<\/a><br \/><em>A project based at the MF Norwegian School of Theology, Religion and Society which brings together archaeological and philological approaches to study the material culture of fourth-century Egyptian Christianity. Includes a detailed database with information on sites and artefacts.<\/em><\/p>\n<p><a href=\"http:\/\/litpap.info\">The Digital Corpus of Literary Papyri (DCLP)<\/a><br \/><em>Extensive searchable online corpus of paraliterary papyri (see papyri.info below for documentary papyri).<\/em><\/p>\n<p><a href=\"https:\/\/d-scribes.philhist.unibas.ch\/en\/home\/\">D-Scribes<\/a><br \/><em>Project based at the University of Basel focusing on the digital analysis of Greek and Coptic papyri.<\/em><\/p>\n<p><a href=\"http:\/\/www.forgingantiquity.com\/forgeries\" target=\"_blank\" rel=\"noopener\">Forging Antiquity<\/a><br \/><em>Project based at the University of Macquarie, tracking forged papyri and other manuscripts held in public collections.<\/em><\/p>\n<p><a href=\"https:\/\/hierax.ch\">Hierax: Software for Enhancing the Legibility of Papyri<\/a><br \/><em>A program developed by the project D-Scribes (University of Basel) which automatically enhances images of papyri to increase their legibility.\u00a0<\/em><\/p>\n<p><a href=\"http:\/\/multipal.fr\">MultiPal<\/a><br \/><em>A site containing online palaeography tutorials<\/em><\/p>\n<p><a href=\"http:\/\/www.pappal.info\">PapPal<\/a><br \/><em>Palaeographical resource containing examples of hands from dated papyri.<\/em><\/p>\n<p><a href=\"http:\/\/papyri.info\">Papyri.info<\/a><br \/><em>Extensive searchable online corpus of documentary papyri (see the DCLP above for paraliterary papyri).<\/em><\/p>\n<p><a href=\"https:\/\/papyrus-stories.com\">Papyrus Stories<\/a><br \/><em>Blog of Dr. Jenny Cromwell, containing regular posts highlighting texts from the ancient Mediterranean and Near East.<\/em><\/p>\n<p><a href=\"https:\/\/epigraphy.packhum.org\">Searchable Greek Inscriptions<\/a><br \/><em>An extensive searchable corpus of Greek inscriptions run by the Packard Humanities Institute.<\/em><\/p>\n<p><a href=\"https:\/\/www.trismegistos.org\">Trismegistos<\/a><br \/><em>Extensive portal including databases of papyri, collections of papyrological material, information on archives, names and people, networks, place names in the ancient world, ancient authors, and editors of papyrological monographs and articles.<\/em><\/p>\n\n\n<p><\/p>\n","protected":false},"excerpt":{"rendered":"<p>This is an incomplete list of online resources related to topics relevant to our project &#8211; the Coptic language, ancient magic, and papyrology. If you know of another relevant project or site not included here, please contact us. The Coptic Language Magic in History Papyrology and Epigraphy The Coptic Language Alin Suciu &#8211; Patristics, Apocrypha, Coptic Literature and ManuscriptsHomepage of the Copticist Alin Suciu, a very rich resource for Coptic studies. Antinoou: A Standard Font for CopticInstructions and links for installing the Coptic Unicode font Antinoou and its associated keyboard layout Brussels Coptic DatabaseDatabase of Coptic documentary texts managed by the Universit\u00e9 Libre de Bruxelles. Claremont Coptic EncyclopediaOnline version of the encyclopedia, containing extensive discussions of all aspects of Coptic language, history and culture. Coptic Dictionary OnlineOnline and fully searchable Coptic dictionary. Coptic ScriptoriumExtensive project focused on digitising, analysing and translating Coptic literary texts. Coptic SoundsWebsite containing information on and resources about the phonology of the Coptic language. Crosswire Project Sahidic Bible (Askeland-Schulz)An online and searchable version of the Sahidic Bible, containing most of the Old and all of the New Testament books. Crum&#8217;s A\u00a0Coptic Dictionary OnlineThe most complete existing dictionary of the Coptic language in an online form. Database and Dictionary of Greek Loanwords in CopticOngoing project to create a database of Greek and Arabic loanwords in Coptic. Digital Edition of the Coptic Old TestamentOngoing project working on the creation of the first complete critical edition of the Coptic Old Testament. International Association for Coptic Studies\/Association Internationale d&#8217;\u00c9tudes Coptes (IACS)The major research association for Coptic Studies, which keeps a list of members and organises a conference every 4 years. Koptoo (Koptische Ostraka Online)Database of Coptic Ostraca from the Theban Region maintained by the Ludwig-Maximilian University Munich. MarcionA Study Environment for Coptic, Greek, Latin and Hebrew, useful for its digitised version of Crum&#8217;s Coptic Dictionary and several texts, including the Nag Hammadi library. PaThs ProjectOngoing project developing a database of Coptic literary texts, classed by geographical origin, work, author, title, and collection. The Cult of the Saints in Late AntiquityOnline database of evidence for the cult of the saints in the Christian world up to ca. 700 CE, including extensive material from Egypt. Magic in History The Campbell Bonner Magical Gems DatabaseDatabase of magical gems. Corpus des \u00e9nonc\u00e9s des noms barbares (CENOB)Database of voces magicae\u00a0(&#8220;magical names&#8221;) from ancient magical and religious texts. Curse Tablets of Roman BritainCatalogue with descriptions of curse tablets from Roman Britain, run by the Society for the Promotion of Roman Studies. L\u00e9xico de magia y religi\u00f3n en los papiros m\u00e1gicos griegosOnline Spanish-language dictionary of terminology from the Greek Magical Papyri, created by Luis Mu\u00f1oz Delgado in 2001 as Annex V of the Diccionario Griego-Espa\u00f1ol. Demon ThingsDatabase of ancient Egyptian demons created as part of the Ancient Egyptian Demonology Project. Early Jewish and Christian Magical Traditions (EJCM)Ongoing project studying the interaction between early Jewish and Christian magical traditions, based at the Ca&#8217;Foscari University of Venice. Hethitologie Portal MainzPortan for Hittite cuneiform texts based at the University of W\u00fcrzburg, containing nearly all of the Hittite &#8220;incantation rituals&#8221; (&#8220;Beschw\u00f6rungsrituale&#8220;) among their online corpora. IOSPE: Ancient Inscriptions of the Northern Black SeaGreek inscriptions from colonies on the northern Black Sea; will soon contain curse tablets from these sites. I.SicilyA corpus of inscriptions from Sicily, which will eventually contain all the curse tablets known from this region. MagEIA: Magic between Entanglement, Interaction, and AnalogyProject based at the University of W\u00fcrzburg dedicated to the interdisciplinary and comparative study of magical traditions in West Asia and the Eastern Mediterranean in Antiquity.\u00a0 Medicine in Graeco-Roman EgyptCedopal project looking at medicine in Ptolemaic and Roman Egypt, including iatromagical papyri (magical texts used for healing). Monde des DjinnsRegularly updated blog of Jean-Charles Coulon providing information on the study of magic in the Middle Ages, in particular in the Islamic World. Network for the Study of Esotericism in Antiquity (NSEA)A thematic group associated with the European Society for the Study of Western Esotericism (ESSWE),\u00a0providing resources and information for students and specialists of ancient esoteric thought, history, and literature. Phoinix A successor project of the Campbell Bonner Magical Gems Database, providing a database of magical gems. Science in Ancient EgyptProject on scientific texts from Ancient Egypt, including magical and medical texts, maintained by the S\u00e4chsiche Akademie der Wissenschaften zu Leipzig. Societas MagicasOrganisation dedicated to furthering communication and exchange among scholars interested in the study of magic. Tabella Defixionis ProjectProject presenting curse tablets from the Graeco-Roman world, including a database of texts. Thesaurus Defixionum (formerly TheDeMa)Online database of all published curse tablets, with more than 17,000 entries. Trismegistos Magic (TM Magic)Database of magical and ritual manuscripts, primarily from Egypt. To ZodionDatabase of magical images from the Greek and Demotic magical papyri. Transmission of Magical Knowledge: The Papyrus Magical Handbooks in ContextProject working on re-editions of Greek, Demotic and Coptic papyri based at the University of Chicago. Virtual Magic Bowl Archive (VMBA)Portal containing a photographic archive of Aramaic incantation bowls from the Sch\u00f8yen Collection. Papyrology and Epigraphy The Arabic Papyrology DatabaseDatabase of Arabic papyrological documents from the 7th through 16th centuries CE, with translations in several languages. Bibliographie Papyrologique en ligneExtensive bibliography containing information on monographs and articles relating to papyri and papyrology. Checklist of Editions of Greek, Latin, Demotic and Coptic Papyri, Ostraca and TabletsBibliography of monographic volumes of documentary papyrological material listed with their standard abbreviations.List of\u00a0 editions of texts from the checklist available online Corpus Inscriptionum Latinarum (CIL) Open AccessA digitised corpus of Latin inscriptions from all corners of the Roman Empire. Database of Medieval Nubian TextsDatabase of texts from Nubia dating from between the 6th and 15th centuries CE; many have transcriptions and translations. DEChriMA project based at the MF Norwegian School of Theology, Religion and Society which brings together archaeological and philological approaches to study the material culture of fourth-century Egyptian Christianity. Includes a detailed database with information on sites and artefacts. The Digital Corpus of Literary Papyri (DCLP)Extensive searchable online corpus of paraliterary papyri (see papyri.info below for documentary papyri). D-ScribesProject based at the University of Basel focusing on the digital analysis of Greek and Coptic papyri. Forging AntiquityProject based at the University of Macquarie, tracking forged papyri and other manuscripts held in public collections. Hierax: Software for Enhancing the Legibility of PapyriA program developed by the project D-Scribes (University of Basel) which automatically enhances images of papyri to increase their legibility.\u00a0 MultiPalA site containing online palaeography tutorials PapPalPalaeographical resource containing examples of hands from dated papyri. Papyri.infoExtensive searchable online corpus of documentary papyri (see the DCLP above for paraliterary papyri). Papyrus StoriesBlog of Dr. Jenny Cromwell, containing regular posts highlighting texts from the ancient Mediterranean and Near East. Searchable Greek InscriptionsAn extensive searchable corpus of Greek inscriptions run by the Packard Humanities Institute. TrismegistosExtensive portal including databases of papyri, collections of papyrological material, information on archives, names and people, networks, place names in the ancient world, ancient authors, and editors of papyrological monographs and articles.<\/p>\n","protected":false},"author":1,"featured_media":0,"parent":0,"menu_order":0,"comment_status":"closed","ping_status":"closed","template":"","meta":{"episode_type":"","audio_file":"","podmotor_file_id":"","podmotor_episode_id":"","cover_image":"","cover_image_id":"","duration":"","filesize":"","filesize_raw":"","date_recorded":"","explicit":"","block":"","itunes_episode_number":"","itunes_title":"","itunes_season_number":"","itunes_episode_type":"","jetpack_post_was_ever_published":false,"footnotes":""},"class_list":["post-55","page","type-page","status-publish","hentry"],"jetpack_sharing_enabled":true,"jetpack_shortlink":"https:\/\/wp.me\/Pat5PQ-T","jetpack_likes_enabled":true,"_links":{"self":[{"href":"https:\/\/www.coptic-magic.phil.uni-wuerzburg.de\/index.php\/wp-json\/wp\/v2\/pages\/55","targetHints":{"allow":["GET"]}}],"collection":[{"href":"https:\/\/www.coptic-magic.phil.uni-wuerzburg.de\/index.php\/wp-json\/wp\/v2\/pages"}],"about":[{"href":"https:\/\/www.coptic-magic.phil.uni-wuerzburg.de\/index.php\/wp-json\/wp\/v2\/types\/page"}],"author":[{"embeddable":true,"href":"https:\/\/www.coptic-magic.phil.uni-wuerzburg.de\/index.php\/wp-json\/wp\/v2\/users\/1"}],"replies":[{"embeddable":true,"href":"https:\/\/www.coptic-magic.phil.uni-wuerzburg.de\/index.php\/wp-json\/wp\/v2\/comments?post=55"}],"version-history":[{"count":41,"href":"https:\/\/www.coptic-magic.phil.uni-wuerzburg.de\/index.php\/wp-json\/wp\/v2\/pages\/55\/revisions"}],"predecessor-version":[{"id":52339,"href":"https:\/\/www.coptic-magic.phil.uni-wuerzburg.de\/index.php\/wp-json\/wp\/v2\/pages\/55\/revisions\/52339"}],"wp:attachment":[{"href":"https:\/\/www.coptic-magic.phil.uni-wuerzburg.de\/index.php\/wp-json\/wp\/v2\/media?parent=55"}],"curies":[{"name":"wp","href":"https:\/\/api.w.org\/{rel}","templated":true}]}}